{"id":38322,"date":"2024-06-10T15:42:22","date_gmt":"2024-06-10T13:42:22","guid":{"rendered":"https:\/\/fonia.travel\/produkt\/the-world-1-gb-7-days\/"},"modified":"2026-03-09T13:18:08","modified_gmt":"2026-03-09T12:18:08","slug":"the-world-1-gb-7-days","status":"publish","type":"product","link":"https:\/\/fonia.travel\/en\/produkt\/the-world-1-gb-7-days\/","title":{"rendered":"The World &#8211; 1 GB &#8211; 7 days"},"content":{"rendered":"<p>Fonia.Travel&#8217;s eSIM Internet package is the ideal solution for those who need reliable network access while traveling or for everyday use. This package provides 1 GB of data for 7 days, allowing you to freely browse the internet, watch videos, listen to music, and stay connected through social media and messaging apps.<\/p>\n<p>&nbsp;<\/p>\n<p>The coverage of the package includes: many regions (check the details in the table below), which guarantees that you will have access to a fast and stable connection, no matter where you are. Thanks to eSIM technology, you don\u2019t have to worry about physical SIM cards \u2014 the entire activation and package management process is carried out electronically, making it convenient and fast.<\/p>\n<p>&nbsp;<\/p>\n<table border=\"1\">\n<tbody>\n<tr>\n<td>Sie\u0107<\/td>\n<td>Automatyczny wyb\u00f3r najkorzystniejszego operatora sieci w danym regionie<\/td>\n<\/tr>\n<tr>\n<td>Amount<\/td>\n<td>1 GB<\/td>\n<\/tr>\n<tr>\n<td>Long<\/td>\n<td>7 days<\/td>\n<\/tr>\n<tr>\n<td>Zasady aktywacji<\/td>\n<td>Okres wa\u017cno\u015bci rozpoczyna si\u0119 w momencie, gdy karta eSIM po\u0142\u0105czy si\u0119 z dowoln\u0105 obs\u0142ugiwan\u0105 sieci\u0105.<\/td>\n<\/tr>\n<tr>\n<td>Supported Countries or Regions<\/td>\n<td>Austria, Dania, Irlandia, W\u0142ochy, Szwecja, Wyspa Man, Francja, Bu\u0142garia, Cypr, Estonia, Finlandia, Grecja, W\u0119gry, \u0141otwa, Litwa, Holandia, Norwegia, Rumunia, S\u0142owacja, Hiszpania, Wielka Brytania, Turcja, Niemcy, Malta, Szwajcaria, Belgia, Chorwacja, Czechy, Liechtenstein, Luksemburg, Portugalia, S\u0142owenia, Islandia, Ukraina, Jersey, Singapur, Makau, Hongkong, Izrael, Wyspy Alandzkie, Indonezja, Wietnam, Rosja, Zjednoczone Emiraty Arabskie, Australia, Tajlandia, Tajwan, Sri Lanka, Malezja, Pakistan, Uzbekistan, Egipt, Nowa Zelandia, Albania, Korea Po\u0142udniowa, Kanada, Kazachstan, Mo\u0142dawia, Macedonia P\u00f3\u0142nocna, Meksyk, Guernsey, Jordania, Oman, Gibraltar, Maroko, Brazylia, Chile, Serbia, Japonia, Czarnog\u00f3ra, Guam, Stany Zjednoczone, Tanzania, Uganda, Kostaryka, Ekwador, Nikaragua, Indie, Argentyna, Salwador, Peru, Urugwaj, Chiny, Panama, Reunion, Tunezja, Bo\u015bnia i Hercegowina, Republika Po\u0142udniowej Afryki, Zambia, Madagaskar, Nigeria, Kenia, Andora, Irak, Katar, Seszele, Mauritius, Kolumbia, Gwatemala, Kamerun, Gujana, Arabia Saudyjska, Paragwaj, Boliwia<\/td>\n<\/tr>\n<\/tbody>\n<\/table>\n<p>&nbsp;<\/p>\n<p>Do you need help with the installation process? Follow the instructions <a href=\"https:\/\/fonia.travel\/en\/installation\/\">here.<\/a><\/p>\n<p>&nbsp;<\/p>\n<p>Pami\u0119taj, aby sprawdzi\u0107, czy Twoje urz\u0105dzenie obs\u0142uguje karty eSIM <a href=\"https:\/\/fonia.travel\/en\/devices\/\">tutaj<\/a>.<\/p>\n","protected":false},"excerpt":{"rendered":"<p>Fonia.Travel&#8217;s eSIM Internet package is the ideal solution for those who need reliable network access while traveling or for everyday use. This package provides 1 GB of data for 7&hellip;<\/p>\n","protected":false},"featured_media":1,"template":"","meta":{"_acf_changed":false},"product_brand":[],"product_cat":[1052],"product_tag":[1053],"class_list":{"0":"post-38322","1":"product","2":"type-product","3":"status-publish","4":"has-post-thumbnail","6":"product_cat-the-world","7":"product_tag-the-world","9":"first","10":"instock","11":"sold-individually","12":"taxable","13":"shipping-taxable","14":"purchasable","15":"product-type-simple"},"acf":[],"_links":{"self":[{"href":"https:\/\/fonia.travel\/en\/wp-json\/wp\/v2\/product\/38322","targetHints":{"allow":["GET"]}}],"collection":[{"href":"https:\/\/fonia.travel\/en\/wp-json\/wp\/v2\/product"}],"about":[{"href":"https:\/\/fonia.travel\/en\/wp-json\/wp\/v2\/types\/product"}],"wp:featuredmedia":[{"embeddable":true,"href":"https:\/\/fonia.travel\/en\/wp-json\/"}],"wp:attachment":[{"href":"https:\/\/fonia.travel\/en\/wp-json\/wp\/v2\/media?parent=38322"}],"wp:term":[{"taxonomy":"product_brand","embeddable":true,"href":"https:\/\/fonia.travel\/en\/wp-json\/wp\/v2\/product_brand?post=38322"},{"taxonomy":"product_cat","embeddable":true,"href":"https:\/\/fonia.travel\/en\/wp-json\/wp\/v2\/product_cat?post=38322"},{"taxonomy":"product_tag","embeddable":true,"href":"https:\/\/fonia.travel\/en\/wp-json\/wp\/v2\/product_tag?post=38322"}],"curies":[{"name":"wp","href":"https:\/\/api.w.org\/{rel}","templated":true}]}}