{"id":44411,"date":"2024-09-12T17:03:58","date_gmt":"2024-09-12T15:03:58","guid":{"rendered":"https:\/\/fonia.travel\/?post_type=product&#038;p=44411"},"modified":"2025-03-13T14:01:03","modified_gmt":"2025-03-13T13:01:03","slug":"european-union-unlimited-plus-30-days","status":"publish","type":"product","link":"https:\/\/fonia.travel\/en\/produkt\/european-union-unlimited-plus-30-days\/","title":{"rendered":"European Union+ &#8211; unlimited plus &#8211; 30 days"},"content":{"rendered":"<p>Fonia.Travel&#8217;s eSIM Internet package is the ideal solution for those who need reliable network access while traveling or for everyday use. This package provides unlimited data for 30 days, allowing you to freely browse the internet, watch videos, listen to music, and stay connected through social media and messaging apps.<\/p>\n<p>&nbsp;<\/p>\n<p>The package coverage includes: Austria, Denmark, Ireland, Italy, Sweden, France, Bulgaria, Cyprus, Estonia, Finland, Greece, Hungary, Latvia, Lithuania, the Netherlands, Norway, Romania, Slovakia, Spain, the United Kingdom, Turkey, Germany, Malta, Switzerland, Belgium, Croatia, Czechia, Liechtenstein, Luxembourg, Portugal, Slovenia, Iceland, the Canary Islands, Vatican City, and Northern Cyprus, ensuring you have access to a fast and stable connection, no matter where you are. Thanks to eSIM technology, you don\u2019t have to worry about physical SIM cards \u2014 the entire activation and package management process is carried out electronically, making it convenient and fast.<\/p>\n<p>&nbsp;<\/p>\n<p>All of our unlimited plus data packages have a built-in speed limit feature after 2 GB of usage, which resets every 24 hours. The reset time depends on the date the package was first activated. <\/p>\n<p>&nbsp;<\/p>\n<table border=\"1\">\n<tbody>\n<tr>\n<td>Sie\u0107<\/td>\n<td>Automatyczny wyb\u00f3r najkorzystniejszego operatora sieci w danym regionie<\/td>\n<\/tr>\n<tr>\n<td>Ilo\u015b\u0107<\/td>\n<td>bez limitu (2GB pe\u0142nej szybko\u015bci, a nast\u0119pnie ograniczenie do 2mbps przez 24 godziny)<\/td>\n<\/tr>\n<tr>\n<td>Long<\/td>\n<td>30 days<\/td>\n<\/tr>\n<tr>\n<td>Zasady aktywacji<\/td>\n<td>Okres wa\u017cno\u015bci rozpoczyna si\u0119 w momencie, gdy karta eSIM po\u0142\u0105czy si\u0119 z dowoln\u0105 obs\u0142ugiwan\u0105 sieci\u0105.<\/td>\n<\/tr>\n<tr>\n<td>Supported countries or regions\n<\/td>\n<td>Austria, Denmark, Ireland, Italy, Sweden, France, Bulgaria, Cyprus, Estonia, Finland, Greece, Hungary, Latvia, Lithuania, the Netherlands, Norway, Romania, Slovakia, Spain, United Kingdom, Turkey, Germany, Malta, Switzerland, Belgium, Croatia, Czechia, Liechtenstein, Luxembourg, Portugal, Slovenia, Iceland, Canary Islands, Vatican City, Northern Cyprus<\/td>\n<\/tr>\n<\/tbody>\n<\/table>\n<p>&nbsp;<\/p>\n<p>Do you need help with the installation process? Follow the instructions <a href=\"https:\/\/fonia.travel\/pl\/instalacja\/\">here.<\/a> <\/p>\n<p>&nbsp;<\/p>\n<p>Pami\u0119taj, aby sprawdzi\u0107, czy Twoje urz\u0105dzenie obs\u0142uguje karty eSIM <a href=\"https:\/\/fonia.travel\/pl\/urzadzenia\/\">tutaj<\/a>.<\/p>\n","protected":false},"excerpt":{"rendered":"<p>Fonia.Travel&#8217;s eSIM Internet package is the ideal solution for those who need reliable network access while traveling or for everyday use. This package provides unlimited data for 30 days, allowing&hellip;<\/p>\n","protected":false},"featured_media":1,"template":"","meta":{"_acf_changed":false},"product_brand":[],"product_cat":[771],"product_tag":[1072],"class_list":{"0":"post-44411","1":"product","2":"type-product","3":"status-publish","4":"has-post-thumbnail","6":"product_cat-europe","7":"product_tag-european-union","9":"first","10":"instock","11":"sold-individually","12":"taxable","13":"shipping-taxable","14":"purchasable","15":"product-type-simple"},"acf":[],"_links":{"self":[{"href":"https:\/\/fonia.travel\/en\/wp-json\/wp\/v2\/product\/44411","targetHints":{"allow":["GET"]}}],"collection":[{"href":"https:\/\/fonia.travel\/en\/wp-json\/wp\/v2\/product"}],"about":[{"href":"https:\/\/fonia.travel\/en\/wp-json\/wp\/v2\/types\/product"}],"wp:featuredmedia":[{"embeddable":true,"href":"https:\/\/fonia.travel\/en\/wp-json\/"}],"wp:attachment":[{"href":"https:\/\/fonia.travel\/en\/wp-json\/wp\/v2\/media?parent=44411"}],"wp:term":[{"taxonomy":"product_brand","embeddable":true,"href":"https:\/\/fonia.travel\/en\/wp-json\/wp\/v2\/product_brand?post=44411"},{"taxonomy":"product_cat","embeddable":true,"href":"https:\/\/fonia.travel\/en\/wp-json\/wp\/v2\/product_cat?post=44411"},{"taxonomy":"product_tag","embeddable":true,"href":"https:\/\/fonia.travel\/en\/wp-json\/wp\/v2\/product_tag?post=44411"}],"curies":[{"name":"wp","href":"https:\/\/api.w.org\/{rel}","templated":true}]}}