{"id":44962,"date":"2024-09-12T17:02:36","date_gmt":"2024-09-12T15:02:36","guid":{"rendered":"https:\/\/fonia.travel\/?post_type=product&#038;p=44962"},"modified":"2025-04-07T10:21:41","modified_gmt":"2025-04-07T08:21:41","slug":"european-union-unlimited-plus-5-days","status":"publish","type":"product","link":"https:\/\/fonia.travel\/en\/produkt\/european-union-unlimited-plus-5-days\/","title":{"rendered":"European Union+ &#8211; unlimited plus &#8211; 5 days"},"content":{"rendered":"<p>Fonia.Travel&#8217;s eSIM Internet package is the ideal solution for those who need reliable network access while traveling or for everyday use. This package provides unlimited data for 5 days, allowing you to freely use the Internet, browse websites, watch movies, listen to music, and communicate via social media and messaging apps.<\/p>\n<p>&nbsp;<\/p>\n<p>The package coverage includes: Austria, Denmark, Ireland, Italy, Sweden, France, Bulgaria, Cyprus, Estonia, Finland, Greece, Hungary, Latvia, Lithuania, the Netherlands, Norway, Romania, Slovakia, Spain, the United Kingdom, Turkey, Germany, Malta, Switzerland, Belgium, Croatia, the Czech Republic, Liechtenstein, Luxembourg, Portugal, Slovenia, Iceland, the Canary Islands, the Vatican, and Northern Cyprus, ensuring that you have access to a fast and stable connection, regardless of your location. Dzi\u0119ki technologii eSIM nie musisz martwi\u0107 si\u0119 o fizyczne karty SIM \u2013 ca\u0142y proces aktywacji i zarz\u0105dzania pakietem odbywa si\u0119 elektronicznie, co jest wygodne i szybkie.<\/p>\n<p>&nbsp;<\/p>\n<p>All of our unlimited plus data packages have a built-in speed limit feature after 2 GB of usage, which resets every 24 hours. The reset time depends on the date the package was first activated. <\/p>\n<p>&nbsp;<\/p>\n<table border=\"1\">\n<tbody>\n<tr>\n<td>Network\n<\/td>\n<td>Automatic selection of the best available network operator in a given region.<\/td>\n<\/tr>\n<tr>\n<td>Amount<\/td>\n<td>no limit (2GB full speed, next speed limitation to 2 Mbps for 24 hours)<\/td>\n<\/tr>\n<tr>\n<td>Long<\/td>\n<td>5 days<\/td>\n<\/tr>\n<tr>\n<td>Activation Rules\n<\/td>\n<td>The validity period begins when the eSIM card connects to any supported network.<\/td>\n<\/tr>\n<tr>\n<td>Supported Countries or Regions\n<\/td>\n<td>Austria, Denmark, Ireland, Italy, Sweden, France, Bulgaria, Cyprus, Estonia, Finland, Greece, Hungary, Latvia, Lithuania, the Netherlands, Norway, Romania, Slovakia, Spain, the United Kingdom, Turkey, Germany, Malta, Switzerland, Belgium, Croatia, the Czech Republic, Liechtenstein, Luxembourg, Portugal, Slovenia, Iceland, the Canary Islands, the Vatican, Northern Cyprus.<\/td>\n<\/tr>\n<\/tbody>\n<\/table>\n<p>&nbsp;<\/p>\n<p>Do you need help with the installation process? Follow the instructions <a href=\"https:\/\/fonia.travel\/pl\/instalacja\/\">here.<\/a> <\/p>\n<p>&nbsp;<\/p>\n<p>Pami\u0119taj, aby sprawdzi\u0107, czy Twoje urz\u0105dzenie obs\u0142uguje karty eSIM <a href=\"https:\/\/fonia.travel\/pl\/urzadzenia\/\">tutaj<\/a>.<\/p>\n","protected":false},"excerpt":{"rendered":"<p>Fonia.Travel&#8217;s eSIM Internet package is the ideal solution for those who need reliable network access while traveling or for everyday use. This package provides unlimited data for 5 days, allowing&hellip;<\/p>\n","protected":false},"featured_media":1,"template":"","meta":{"_acf_changed":false},"product_brand":[],"product_cat":[771],"product_tag":[1072],"class_list":{"0":"post-44962","1":"product","2":"type-product","3":"status-publish","4":"has-post-thumbnail","6":"product_cat-europe","7":"product_tag-european-union","9":"first","10":"instock","11":"sold-individually","12":"taxable","13":"shipping-taxable","14":"purchasable","15":"product-type-simple"},"acf":[],"_links":{"self":[{"href":"https:\/\/fonia.travel\/en\/wp-json\/wp\/v2\/product\/44962","targetHints":{"allow":["GET"]}}],"collection":[{"href":"https:\/\/fonia.travel\/en\/wp-json\/wp\/v2\/product"}],"about":[{"href":"https:\/\/fonia.travel\/en\/wp-json\/wp\/v2\/types\/product"}],"wp:featuredmedia":[{"embeddable":true,"href":"https:\/\/fonia.travel\/en\/wp-json\/"}],"wp:attachment":[{"href":"https:\/\/fonia.travel\/en\/wp-json\/wp\/v2\/media?parent=44962"}],"wp:term":[{"taxonomy":"product_brand","embeddable":true,"href":"https:\/\/fonia.travel\/en\/wp-json\/wp\/v2\/product_brand?post=44962"},{"taxonomy":"product_cat","embeddable":true,"href":"https:\/\/fonia.travel\/en\/wp-json\/wp\/v2\/product_cat?post=44962"},{"taxonomy":"product_tag","embeddable":true,"href":"https:\/\/fonia.travel\/en\/wp-json\/wp\/v2\/product_tag?post=44962"}],"curies":[{"name":"wp","href":"https:\/\/api.w.org\/{rel}","templated":true}]}}