{"id":52341,"date":"2025-01-15T11:44:22","date_gmt":"2025-01-15T10:44:22","guid":{"rendered":"https:\/\/fonia.travel\/produkt\/north-america-100-gb-30-days\/"},"modified":"2025-01-15T11:44:22","modified_gmt":"2025-01-15T10:44:22","slug":"north-america-100-gb-30-days","status":"publish","type":"product","link":"https:\/\/fonia.travel\/en\/produkt\/north-america-100-gb-30-days\/","title":{"rendered":"North America &#8211; 100 GB &#8211; 30 days"},"content":{"rendered":"<p>Pakiet Internetu w us\u0142udze eSIM w Fonii.Travel to idealne rozwi\u0105zanie dla os\u00f3b potrzebuj\u0105cych niezawodnego dost\u0119pu do sieci podczas podr\u00f3\u017cy lub codziennego u\u017cytkowania. Ten pakiet zapewnia 100 GB danych na 30 dni, co pozwala na swobodne korzystanie z Internetu, przegl\u0105danie stron, ogl\u0105danie film\u00f3w, s\u0142uchanie muzyki, a tak\u017ce komunikacj\u0119 przez media spo\u0142eczno\u015bciowe i aplikacje do rozm\u00f3w.<\/p>\n<p>The package covers: Canada, Mexico, and the United States, which guarantees that you will have access to a fast and stable connection, regardless of where you are. Thanks to eSIM technology, you don&#8217;t have to worry about physical SIM cards &#8211; the entire activation and management process of the package is carried out electronically, which is convenient and fast.<\/p>\n<table border=\"1\">\n<tr>\n<td>Network<\/td>\n<td> Automatic selection of the best network operator available in your region<\/td>\n<\/tr>\n<tr>\n<td>Data Amount <\/td>\n<td>100 GB<\/td>\n<\/tr>\n<tr>\n<td>Validity Period <\/td>\n<td>30 days<\/td>\n<\/tr>\n<tr>\n<td>Activation Rules<\/td>\n<p><\/p>\n<td>The package becomes active when the eSIM card connects to any supported network.<\/td>\n<\/tr>\n<tr>\n<td>Obs\u0142ugiwane kraje lub regiony<\/td>\n<td>Canada, Mexico, USA<\/td>\n<\/tr>\n<\/table>\n<p>Czy potrzebujesz pomocy w procesie instalacji? Post\u0119puj zgodnie z instrukcjami: <a href=\"https:\/\/fonia.travel\/en\/installation\/\">tutaj<\/a>.<\/p>\n<p>Remember to check if your device supports eSIM cards <a href=\"https:\/\/fonia.travel\/en\/devices\/\">here.<\/a><\/p>\n","protected":false},"excerpt":{"rendered":"<p>Pakiet Internetu w us\u0142udze eSIM w Fonii.Travel to idealne rozwi\u0105zanie dla os\u00f3b potrzebuj\u0105cych niezawodnego dost\u0119pu do sieci podczas podr\u00f3\u017cy lub codziennego u\u017cytkowania. Ten pakiet zapewnia 100 GB danych na 30&hellip;<\/p>\n","protected":false},"featured_media":1,"template":"","meta":{"_acf_changed":false},"product_brand":[],"product_cat":[857],"product_tag":[859],"class_list":{"0":"post-52341","1":"product","2":"type-product","3":"status-publish","4":"has-post-thumbnail","6":"product_cat-north-america","7":"product_tag-north-america","9":"first","10":"instock","11":"sold-individually","12":"taxable","13":"shipping-taxable","14":"purchasable","15":"product-type-simple"},"acf":[],"_links":{"self":[{"href":"https:\/\/fonia.travel\/en\/wp-json\/wp\/v2\/product\/52341","targetHints":{"allow":["GET"]}}],"collection":[{"href":"https:\/\/fonia.travel\/en\/wp-json\/wp\/v2\/product"}],"about":[{"href":"https:\/\/fonia.travel\/en\/wp-json\/wp\/v2\/types\/product"}],"wp:featuredmedia":[{"embeddable":true,"href":"https:\/\/fonia.travel\/en\/wp-json\/"}],"wp:attachment":[{"href":"https:\/\/fonia.travel\/en\/wp-json\/wp\/v2\/media?parent=52341"}],"wp:term":[{"taxonomy":"product_brand","embeddable":true,"href":"https:\/\/fonia.travel\/en\/wp-json\/wp\/v2\/product_brand?post=52341"},{"taxonomy":"product_cat","embeddable":true,"href":"https:\/\/fonia.travel\/en\/wp-json\/wp\/v2\/product_cat?post=52341"},{"taxonomy":"product_tag","embeddable":true,"href":"https:\/\/fonia.travel\/en\/wp-json\/wp\/v2\/product_tag?post=52341"}],"curies":[{"name":"wp","href":"https:\/\/api.w.org\/{rel}","templated":true}]}}