{"id":52410,"date":"2025-01-15T11:44:05","date_gmt":"2025-01-15T10:44:05","guid":{"rendered":"https:\/\/fonia.travel\/produkt\/global-light-50-gb-90-days\/"},"modified":"2025-03-12T12:30:05","modified_gmt":"2025-03-12T11:30:05","slug":"global-light-50-gb-90-days","status":"publish","type":"product","link":"https:\/\/fonia.travel\/en\/produkt\/global-light-50-gb-90-days\/","title":{"rendered":"Global- Light &#8211; 50 GB &#8211; 90 days"},"content":{"rendered":"<p>Fonia.Travel&#8217;s eSIM Internet package is the ideal solution for those who need reliable network access while traveling or for everyday use. This package provides 50 GB of data for 90 days, which allows you to freely use the Internet, browse, watch videos, listen to music, as well as communicate through social media and chat apps.<\/p>\n<p>&nbsp;<\/p>\n<p>The coverage of the package includes: many regions (check the details in the table below), which guarantees that you will have access to a fast and stable connection, no matter where you are. Thanks to eSIM technology, you don\u2019t have to worry about physical SIM cards \u2014 the entire activation and package management process is carried out electronically, making it convenient and fast.<\/p>\n<p>&nbsp;<\/p>\n<table border=\"1\">\n<tbody>\n<tr>\n<td>Sie\u0107<\/td>\n<td>Automatyczny wyb\u00f3r najkorzystniejszego operatora sieci w danym regionie<\/td>\n<\/tr>\n<tr>\n<td>Amount<\/td>\n<td>50 GB<\/td>\n<\/tr>\n<tr>\n<td>Long<\/td>\n<td>90 days<\/td>\n<\/tr>\n<tr>\n<td>Zasady aktywacji<\/td>\n<td>Okres wa\u017cno\u015bci rozpoczyna si\u0119 w momencie, gdy karta eSIM po\u0142\u0105czy si\u0119 z dowoln\u0105 obs\u0142ugiwan\u0105 sieci\u0105.<\/td>\n<\/tr>\n<tr>\n<td>Obs\u0142ugiwane kraje lub regiony<\/td>\n<td>Albania, Australia, Austria, Bu\u0142garia, Kanada, Chorwacja, Cypr, Czechy, Dania, Egipt, Finlandia, Francja, Niemcy, Grecja, Hongkong, W\u0119gry, Islandia, Indonezja, Irlandia, British Indian Ocean Territory, Izrael, W\u0142ochy, Jersey, Kazachstan, \u0141otwa, Liechtenstein, Litwa, Luksemburg, Makau, Monako, Malezja, Malta, Mo\u0142dawia, Holandia, Nowa Zelandia, Norwegia, Pakistan, Portugalia, Rumunia, Rosja, Singapur, S\u0142owacja, S\u0142owenia, Korea Po\u0142udniowa, Hiszpania, Sri Lanka, Szwecja, Szwajcaria, Tajwan, Tajlandia, Turcja, Ukraina, Zjednoczone Emiraty Arabskie, Wielka Brytania, Uzbekistan, Wietnam, Wyspy Kanaryjskie, Wyspy Alandzkie, Cypr P\u00f3\u0142nocny, Stany Zjednoczone, Hawaje<\/td>\n<\/tr>\n<\/tbody>\n<\/table>\n<p>&nbsp;<\/p>\n<p>Do you need help with the installation process? Follow the instructions <a href=\"https:\/\/fonia.travel\/pl\/instalacja\/\">here.<\/a> <\/p>\n<p>&nbsp;<\/p>\n<p>Pami\u0119taj, aby sprawdzi\u0107, czy Twoje urz\u0105dzenie obs\u0142uguje karty eSIM <a href=\"https:\/\/fonia.travel\/pl\/urzadzenia\/\">tutaj<\/a>.<\/p>\n","protected":false},"excerpt":{"rendered":"<p>Fonia.Travel&#8217;s eSIM Internet package is the ideal solution for those who need reliable network access while traveling or for everyday use. This package provides 50 GB of data for 90&hellip;<\/p>\n","protected":false},"featured_media":1,"template":"","meta":{"_acf_changed":false},"product_brand":[],"product_cat":[1052],"product_tag":[1202],"class_list":{"0":"post-52410","1":"product","2":"type-product","3":"status-publish","4":"has-post-thumbnail","6":"product_cat-the-world","7":"product_tag-global-light","9":"first","10":"instock","11":"sold-individually","12":"taxable","13":"shipping-taxable","14":"purchasable","15":"product-type-simple"},"acf":[],"_links":{"self":[{"href":"https:\/\/fonia.travel\/en\/wp-json\/wp\/v2\/product\/52410","targetHints":{"allow":["GET"]}}],"collection":[{"href":"https:\/\/fonia.travel\/en\/wp-json\/wp\/v2\/product"}],"about":[{"href":"https:\/\/fonia.travel\/en\/wp-json\/wp\/v2\/types\/product"}],"wp:featuredmedia":[{"embeddable":true,"href":"https:\/\/fonia.travel\/en\/wp-json\/"}],"wp:attachment":[{"href":"https:\/\/fonia.travel\/en\/wp-json\/wp\/v2\/media?parent=52410"}],"wp:term":[{"taxonomy":"product_brand","embeddable":true,"href":"https:\/\/fonia.travel\/en\/wp-json\/wp\/v2\/product_brand?post=52410"},{"taxonomy":"product_cat","embeddable":true,"href":"https:\/\/fonia.travel\/en\/wp-json\/wp\/v2\/product_cat?post=52410"},{"taxonomy":"product_tag","embeddable":true,"href":"https:\/\/fonia.travel\/en\/wp-json\/wp\/v2\/product_tag?post=52410"}],"curies":[{"name":"wp","href":"https:\/\/api.w.org\/{rel}","templated":true}]}}