{"id":54641,"date":"2025-01-15T11:44:30","date_gmt":"2025-01-15T10:44:30","guid":{"rendered":"https:\/\/fonia.travel\/produkt\/tunisia-100-gb-30-days\/"},"modified":"2025-01-15T11:44:30","modified_gmt":"2025-01-15T10:44:30","slug":"tunisia-100-gb-30-days","status":"publish","type":"product","link":"https:\/\/fonia.travel\/en\/produkt\/tunisia-100-gb-30-days\/","title":{"rendered":"Tunisia &#8211; 100 GB &#8211; 30 days"},"content":{"rendered":"<p>Pakiet Internetu w us\u0142udze eSIM w Fonii.Travel to idealne rozwi\u0105zanie dla os\u00f3b potrzebuj\u0105cych niezawodnego dost\u0119pu do sieci podczas podr\u00f3\u017cy lub codziennego u\u017cytkowania. This package provides 100 GB of data for 30 days, which allows you to freely use the Internet, browse, watch videos, listen to music, as well as communicate through social media and chat apps.<\/p>\n<p>The coverage of the package includes: Tunisia, ensuring that you will have access to a fast and stable connection wherever you are. Thanks to eSIM technology, you don&#8217;t have to worry about physical SIM cards &#8211; the entire activation and management process of the package is carried out electronically, which is convenient and fast.<\/p>\n<table border=\"1\">\n<tr>\n<td>Network<\/td>\n<td>Automatic selection of the most favorable network operator in a given region<\/td>\n<\/tr>\n<tr>\n<td>Data Amount <\/td>\n<td>100GB<\/td>\n<\/tr>\n<tr>\n<td>Validity Period<\/td>\n<td>30 days<\/td>\n<\/tr>\n<tr>\n<td>Activation Rules<\/td>\n<p><\/p>\n<td>The package becomes active when the eSIM card connects to any supported network.<\/td>\n<\/tr>\n<tr>\n<td>Supported Countries or Regions<\/td>\n<td>Tunisia<\/td>\n<\/tr>\n<\/table>\n<p>Do you need help with the installation process? Follow the instructions <a href=\"https:\/\/fonia.travel\/en\/installation\/\">here<\/a><\/p>\n<p>Remember to check if your device supports eSIM cards <a href=\"https:\/\/fonia.travel\/en\/devices\/\">here<\/a>.<\/p>\n","protected":false},"excerpt":{"rendered":"<p>Pakiet Internetu w us\u0142udze eSIM w Fonii.Travel to idealne rozwi\u0105zanie dla os\u00f3b potrzebuj\u0105cych niezawodnego dost\u0119pu do sieci podczas podr\u00f3\u017cy lub codziennego u\u017cytkowania. This package provides 100 GB of data for&hellip;<\/p>\n","protected":false},"featured_media":1,"template":"","meta":{"_acf_changed":false},"product_brand":[],"product_cat":[883],"product_tag":[887],"class_list":{"0":"post-54641","1":"product","2":"type-product","3":"status-publish","4":"has-post-thumbnail","6":"product_cat-africa","7":"product_tag-tunisia","9":"first","10":"instock","11":"sold-individually","12":"taxable","13":"shipping-taxable","14":"purchasable","15":"product-type-simple"},"acf":[],"_links":{"self":[{"href":"https:\/\/fonia.travel\/en\/wp-json\/wp\/v2\/product\/54641","targetHints":{"allow":["GET"]}}],"collection":[{"href":"https:\/\/fonia.travel\/en\/wp-json\/wp\/v2\/product"}],"about":[{"href":"https:\/\/fonia.travel\/en\/wp-json\/wp\/v2\/types\/product"}],"wp:featuredmedia":[{"embeddable":true,"href":"https:\/\/fonia.travel\/en\/wp-json\/"}],"wp:attachment":[{"href":"https:\/\/fonia.travel\/en\/wp-json\/wp\/v2\/media?parent=54641"}],"wp:term":[{"taxonomy":"product_brand","embeddable":true,"href":"https:\/\/fonia.travel\/en\/wp-json\/wp\/v2\/product_brand?post=54641"},{"taxonomy":"product_cat","embeddable":true,"href":"https:\/\/fonia.travel\/en\/wp-json\/wp\/v2\/product_cat?post=54641"},{"taxonomy":"product_tag","embeddable":true,"href":"https:\/\/fonia.travel\/en\/wp-json\/wp\/v2\/product_tag?post=54641"}],"curies":[{"name":"wp","href":"https:\/\/api.w.org\/{rel}","templated":true}]}}