{"id":41455,"date":"2024-09-12T16:59:09","date_gmt":"2024-09-12T14:59:09","guid":{"rendered":"https:\/\/fonia.travel\/?post_type=product&#038;p=41455"},"modified":"2026-03-09T12:57:11","modified_gmt":"2026-03-09T11:57:11","slug":"swiat-10-gb-30-dni","status":"publish","type":"product","link":"https:\/\/fonia.travel\/pl\/produkt\/swiat-10-gb-30-dni\/","title":{"rendered":"\u015awiat &#8211; 10 GB &#8211; 30 dni"},"content":{"rendered":"<p>Pakiet Internetu w us\u0142udze eSIM w Fonii.Travel to idealne rozwi\u0105zanie dla os\u00f3b potrzebuj\u0105cych niezawodnego dost\u0119pu do sieci podczas podr\u00f3\u017cy lub codziennego u\u017cytkowania. Ten pakiet zapewnia 10 GB danych na 30 dni, co pozwala na swobodne korzystanie z Internetu, przegl\u0105danie stron, ogl\u0105danie film\u00f3w, s\u0142uchanie muzyki, a tak\u017ce komunikacj\u0119 przez media spo\u0142eczno\u015bciowe i aplikacje do rozm\u00f3w.<\/p>\n<p>&nbsp;<\/p>\n<p>Zasi\u0119g pakietu obejmuje: wiele region\u00f3w (sprawd\u017a szczeg\u00f3\u0142y w tabeli ni\u017cej), co gwarantuje, \u017ce b\u0119dziesz mia\u0142 dost\u0119p do szybkiego i stabilnego po\u0142\u0105czenia, niezale\u017cnie od miejsca, w kt\u00f3rym si\u0119 znajdujesz. Dzi\u0119ki technologii eSIM nie musisz martwi\u0107 si\u0119 o fizyczne karty SIM \u2013 ca\u0142y proces aktywacji i zarz\u0105dzania pakietem odbywa si\u0119 elektronicznie, co jest wygodne i szybkie.<\/p>\n<p>&nbsp;<\/p>\n<table border=\"1\">\n<tbody>\n<tr>\n<td>Sie\u0107<\/td>\n<td>Automatyczny wyb\u00f3r najkorzystniejszego operatora sieci w danym regionie<\/td>\n<\/tr>\n<tr>\n<td>Ilo\u015b\u0107<\/td>\n<td>10 GB<\/td>\n<\/tr>\n<tr>\n<td>D\u0142ugo\u015b\u0107<\/td>\n<td>30 dni<\/td>\n<\/tr>\n<tr>\n<td>Zasady aktywacji<\/td>\n<td>Okres wa\u017cno\u015bci rozpoczyna si\u0119 w momencie, gdy karta eSIM po\u0142\u0105czy si\u0119 z dowoln\u0105 obs\u0142ugiwan\u0105 sieci\u0105.<\/td>\n<\/tr>\n<tr>\n<td>Obs\u0142ugiwane kraje lub regiony<\/td>\n<td>Austria, Dania, Irlandia, W\u0142ochy, Szwecja, Wyspa Man, Francja, Bu\u0142garia, Cypr, Estonia, Finlandia, Grecja, W\u0119gry, \u0141otwa, Litwa, Holandia, Norwegia, Rumunia, S\u0142owacja, Hiszpania, Wielka Brytania, Turcja, Niemcy, Malta, Szwajcaria, Belgia, Chorwacja, Czechy, Liechtenstein, Luksemburg, Portugalia, S\u0142owenia, Islandia, Ukraina, Jersey, Singapur, Makau, Hongkong, Izrael, Wyspy Alandzkie, Indonezja, Wietnam, Rosja, Zjednoczone Emiraty Arabskie, Australia, Tajlandia, Tajwan, Sri Lanka, Malezja, Pakistan, Uzbekistan, Egipt, Nowa Zelandia, Albania, Korea Po\u0142udniowa, Kanada, Kazachstan, Mo\u0142dawia, Macedonia P\u00f3\u0142nocna, Meksyk, Guernsey, Jordania, Oman, Gibraltar, Maroko, Brazylia, Chile, Serbia, Japonia, Czarnog\u00f3ra, Guam, Stany Zjednoczone, Tanzania, Uganda, Kostaryka, Ekwador, Nikaragua, Indie, Argentyna, Salwador, Peru, Urugwaj, Chiny, Panama, Reunion, Tunezja, Bo\u015bnia i Hercegowina, Republika Po\u0142udniowej Afryki, Zambia, Madagaskar, Nigeria, Kenia, Andora, Irak, Katar, Seszele, Mauritius, Kolumbia, Gwatemala, Kamerun, Gujana, Arabia Saudyjska, Paragwaj, Boliwia<\/td>\n<\/tr>\n<\/tbody>\n<\/table>\n<p>&nbsp;<\/p>\n<p>Czy potrzebujesz pomocy w procesie instalacji? Post\u0119puj zgodnie z instrukcjami: <a href=\"https:\/\/fonia.travel\/pl\/instalacja\/\">tutaj<\/a>.<\/p>\n<p>&nbsp;<\/p>\n<p>Pami\u0119taj, aby sprawdzi\u0107, czy Twoje urz\u0105dzenie obs\u0142uguje karty eSIM <a href=\"https:\/\/fonia.travel\/pl\/urzadzenia\/\">tutaj<\/a>.<\/p>\n","protected":false},"excerpt":{"rendered":"<p>Pakiet Internetu w us\u0142udze eSIM w Fonii.Travel to idealne rozwi\u0105zanie dla os\u00f3b potrzebuj\u0105cych niezawodnego dost\u0119pu do sieci podczas podr\u00f3\u017cy lub codziennego u\u017cytkowania. Ten pakiet zapewnia 10 GB danych na 30&hellip;<\/p>\n","protected":false},"featured_media":1,"template":"","meta":{"_acf_changed":false},"product_brand":[],"product_cat":[914],"product_tag":[915],"class_list":{"0":"post-41455","1":"product","2":"type-product","3":"status-publish","4":"has-post-thumbnail","6":"product_cat-swiat","7":"product_tag-swiat","9":"first","10":"instock","11":"sold-individually","12":"taxable","13":"shipping-taxable","14":"purchasable","15":"product-type-simple"},"acf":[],"_links":{"self":[{"href":"https:\/\/fonia.travel\/pl\/wp-json\/wp\/v2\/product\/41455","targetHints":{"allow":["GET"]}}],"collection":[{"href":"https:\/\/fonia.travel\/pl\/wp-json\/wp\/v2\/product"}],"about":[{"href":"https:\/\/fonia.travel\/pl\/wp-json\/wp\/v2\/types\/product"}],"wp:featuredmedia":[{"embeddable":true,"href":"https:\/\/fonia.travel\/pl\/wp-json\/"}],"wp:attachment":[{"href":"https:\/\/fonia.travel\/pl\/wp-json\/wp\/v2\/media?parent=41455"}],"wp:term":[{"taxonomy":"product_brand","embeddable":true,"href":"https:\/\/fonia.travel\/pl\/wp-json\/wp\/v2\/product_brand?post=41455"},{"taxonomy":"product_cat","embeddable":true,"href":"https:\/\/fonia.travel\/pl\/wp-json\/wp\/v2\/product_cat?post=41455"},{"taxonomy":"product_tag","embeddable":true,"href":"https:\/\/fonia.travel\/pl\/wp-json\/wp\/v2\/product_tag?post=41455"}],"curies":[{"name":"wp","href":"https:\/\/api.w.org\/{rel}","templated":true}]}}