{"id":42351,"date":"2024-09-12T17:01:04","date_gmt":"2024-09-12T15:01:04","guid":{"rendered":"https:\/\/fonia.travel\/?post_type=product&#038;p=42351"},"modified":"2025-05-30T23:33:16","modified_gmt":"2025-05-30T21:33:16","slug":"slowacja-bez-limitu-lite-10-dni","status":"publish","type":"product","link":"https:\/\/fonia.travel\/pl\/produkt\/slowacja-bez-limitu-lite-10-dni\/","title":{"rendered":"S\u0142owacja &#8211; bez limitu lite &#8211; 10 dni"},"content":{"rendered":"<p>Pakiet Internetu w us\u0142udze eSIM w Fonii.Travel to idealne rozwi\u0105zanie dla os\u00f3b potrzebuj\u0105cych niezawodnego dost\u0119pu do sieci podczas podr\u00f3\u017cy lub codziennego u\u017cytkowania. Ten pakiet zapewnia nielimitowan\u0105 ilo\u015b\u0107 danych na 10 dni, co pozwala na swobodne korzystanie z Internetu, przegl\u0105danie stron, ogl\u0105danie film\u00f3w, s\u0142uchanie muzyki, a tak\u017ce komunikacj\u0119 przez media spo\u0142eczno\u015bciowe i aplikacje do rozm\u00f3w.<\/p>\n<p>Zasi\u0119g pakietu obejmuje: S\u0142owacja, co gwarantuje, \u017ce b\u0119dziesz mia\u0142 dost\u0119p do szybkiego i stabilnego po\u0142\u0105czenia, niezale\u017cnie od miejsca, w kt\u00f3rym si\u0119 znajdujesz. Dzi\u0119ki technologii eSIM nie musisz martwi\u0107 si\u0119 o fizyczne karty SIM \u2013 ca\u0142y proces aktywacji i zarz\u0105dzania pakietem odbywa si\u0119 elektronicznie, co jest wygodne i szybkie.<\/p>\n<p>Wszystkie nasze pakiety bez limitu danych lite maj\u0105 wbudowan\u0105 funkcj\u0119 ograniczania pr\u0119dko\u015bci po 1 GB wykorzystania, kt\u00f3ra jest resetowana co 24 godziny. Czas resetu zale\u017cy od daty pierwszej aktywacji pakietu.<\/p>\n<table border='1'>\n<tr>\n<td>Sie\u0107 <\/td>\n<td>Automatyczny wyb\u00f3r najkorzystniejszego operatora sieci w danym regionie <\/td>\n<\/tr>\n<tr>\n<td>Ilo\u015b\u0107 <\/td>\n<td>bez limitu (1GB pe\u0142nej szybko\u015bci, a nast\u0119pnie ograniczenie do 512kbps przez 24 godziny)<\/td>\n<\/tr>\n<tr>\n<td>D\u0142ugo\u015b\u0107 <\/td>\n<td>10 dni<\/td>\n<\/tr>\n<tr>\n<td>Zasady aktywacji<\/td>\n<td>Okres wa\u017cno\u015bci rozpoczyna si\u0119 w momencie, gdy karta eSIM po\u0142\u0105czy si\u0119 z dowoln\u0105 obs\u0142ugiwan\u0105 sieci\u0105.<\/td>\n<\/tr>\n<tr>\n<td>Obs\u0142ugiwane kraje lub regiony<\/td>\n<td>S\u0142owacja<\/td>\n<\/tr>\n<\/table>\n<p>Czy potrzebujesz pomocy w procesie instalacji? Post\u0119puj zgodnie z instrukcjami: <a href='https:\/\/fonia.travel\/pl\/instalacja\/'>tutaj<\/a>.<\/p>\n<p>Pami\u0119taj, aby sprawdzi\u0107, czy Twoje urz\u0105dzenie obs\u0142uguje karty eSIM <a href='https:\/\/fonia.travel\/pl\/urzadzenia\/'>tutaj<\/a>.<\/p>\n","protected":false},"excerpt":{"rendered":"<p>Pakiet Internetu w us\u0142udze eSIM w Fonii.Travel to idealne rozwi\u0105zanie dla os\u00f3b potrzebuj\u0105cych niezawodnego dost\u0119pu do sieci podczas podr\u00f3\u017cy lub codziennego u\u017cytkowania. Ten pakiet zapewnia nielimitowan\u0105 ilo\u015b\u0107 danych na 10&hellip;<\/p>\n","protected":false},"featured_media":1,"template":"","meta":{"_acf_changed":false},"product_brand":[],"product_cat":[639],"product_tag":[931],"class_list":{"0":"post-42351","1":"product","2":"type-product","3":"status-publish","4":"has-post-thumbnail","6":"product_cat-europa","7":"product_tag-slowacja","9":"first","10":"instock","11":"sold-individually","12":"taxable","13":"shipping-taxable","14":"purchasable","15":"product-type-simple"},"acf":[],"_links":{"self":[{"href":"https:\/\/fonia.travel\/pl\/wp-json\/wp\/v2\/product\/42351","targetHints":{"allow":["GET"]}}],"collection":[{"href":"https:\/\/fonia.travel\/pl\/wp-json\/wp\/v2\/product"}],"about":[{"href":"https:\/\/fonia.travel\/pl\/wp-json\/wp\/v2\/types\/product"}],"wp:featuredmedia":[{"embeddable":true,"href":"https:\/\/fonia.travel\/pl\/wp-json\/"}],"wp:attachment":[{"href":"https:\/\/fonia.travel\/pl\/wp-json\/wp\/v2\/media?parent=42351"}],"wp:term":[{"taxonomy":"product_brand","embeddable":true,"href":"https:\/\/fonia.travel\/pl\/wp-json\/wp\/v2\/product_brand?post=42351"},{"taxonomy":"product_cat","embeddable":true,"href":"https:\/\/fonia.travel\/pl\/wp-json\/wp\/v2\/product_cat?post=42351"},{"taxonomy":"product_tag","embeddable":true,"href":"https:\/\/fonia.travel\/pl\/wp-json\/wp\/v2\/product_tag?post=42351"}],"curies":[{"name":"wp","href":"https:\/\/api.w.org\/{rel}","templated":true}]}}