{"id":50192,"date":"2025-01-15T11:44:04","date_gmt":"2025-01-15T10:44:04","guid":{"rendered":"https:\/\/fonia.travel\/produkt\/pakiet-standard-do-75-krajow-20-gb-60-dni\/"},"modified":"2025-07-23T09:56:33","modified_gmt":"2025-07-23T07:56:33","slug":"pakiet-standard-do-75-krajow-20-gb-60-dni","status":"publish","type":"product","link":"https:\/\/fonia.travel\/pl\/produkt\/pakiet-standard-do-75-krajow-20-gb-60-dni\/","title":{"rendered":"Pakiet Standard do 75 kraj\u00f3w &#8211; 20 GB &#8211; 60 dni"},"content":{"rendered":"<p>Pakiet Internetu w us\u0142udze eSIM w Fonii.Travel to idealne rozwi\u0105zanie dla os\u00f3b potrzebuj\u0105cych niezawodnego dost\u0119pu do sieci podczas podr\u00f3\u017cy lub codziennego u\u017cytkowania. Ten pakiet zapewnia 20 GB danych na 60 dni, co pozwala na swobodne korzystanie z Internetu, przegl\u0105danie stron, ogl\u0105danie film\u00f3w, s\u0142uchanie muzyki, a tak\u017ce komunikacj\u0119 przez media spo\u0142eczno\u015bciowe i aplikacje do rozm\u00f3w.<\/p>\n<p>&nbsp;<\/p>\n<p>Zasi\u0119g pakietu obejmuje: Albania, Australia, Austria, Bu\u0142garia, Kanada, Chorwacja, Cypr, Czechy, Dania, Egipt, Finlandia, Francja, Niemcy, Grecja, Hongkong, W\u0119gry, Islandia, Indonezja, Irlandia, British Indian Ocean Territory, Izrael, W\u0142ochy, Jersey, Kazachstan, \u0141otwa, Liechtenstein, Litwa, Luksemburg, Makau, Monako, Malezja, Malta, Mo\u0142dawia, Holandia, Nowa Zelandia, Norwegia, Pakistan, Portugalia, Rumunia, Rosja, Singapur, S\u0142owacja, S\u0142owenia, Korea Po\u0142udniowa, Hiszpania, Sri Lanka, Szwecja, Szwajcaria, Tajwan, Tajlandia, Turcja, Ukraina, Zjednoczone Emiraty Arabskie, Wielka Brytania, Uzbekistan, Wietnam, Wyspy Kanaryjskie, Wyspy Alandzkie, Cypr P\u00f3\u0142nocny, Brazylia, Chile, Gibraltar, Guam, Japonia, Jordania, Meksyk, Czarnog\u00f3ra, Maroko, Oman, Serbia, Tanzania, Uganda, Stany Zjednoczone, Hawaje, co gwarantuje, \u017ce b\u0119dziesz mia\u0142 dost\u0119p do szybkiego i stabilnego po\u0142\u0105czenia, niezale\u017cnie od miejsca, w kt\u00f3rym si\u0119 znajdujesz. Dzi\u0119ki technologii eSIM nie musisz martwi\u0107 si\u0119 o fizyczne karty SIM \u2013 ca\u0142y proces aktywacji i zarz\u0105dzania pakietem odbywa si\u0119 elektronicznie, co jest wygodne i szybkie.<\/p>\n<p>&nbsp;<\/p>\n<table border=\"1\">\n<tbody>\n<tr>\n<td>Sie\u0107<\/td>\n<td>Automatyczny wyb\u00f3r najkorzystniejszego operatora sieci w danym regionie<\/td>\n<\/tr>\n<tr>\n<td>Ilo\u015b\u0107<\/td>\n<td>20 GB<\/td>\n<\/tr>\n<tr>\n<td>D\u0142ugo\u015b\u0107<\/td>\n<td>60 dni<\/td>\n<\/tr>\n<tr>\n<td>Zasady aktywacji<\/td>\n<td>Okres wa\u017cno\u015bci rozpoczyna si\u0119 w momencie, gdy karta eSIM po\u0142\u0105czy si\u0119 z dowoln\u0105 obs\u0142ugiwan\u0105 sieci\u0105.<\/td>\n<\/tr>\n<tr>\n<td>Obs\u0142ugiwane kraje lub regiony<\/td>\n<td>Albania, Australia, Austria, Bu\u0142garia, Kanada, Chorwacja, Cypr, Czechy, Dania, Egipt, Finlandia, Francja, Niemcy, Grecja, Hongkong, W\u0119gry, Islandia, Indonezja, Irlandia, British Indian Ocean Territory, Izrael, W\u0142ochy, Jersey, Kazachstan, \u0141otwa, Liechtenstein, Litwa, Luksemburg, Makau, Monako, Malezja, Malta, Mo\u0142dawia, Holandia, Nowa Zelandia, Norwegia, Pakistan, Portugalia, Rumunia, Rosja, Singapur, S\u0142owacja, S\u0142owenia, Korea Po\u0142udniowa, Hiszpania, Sri Lanka, Szwecja, Szwajcaria, Tajwan, Tajlandia, Turcja, Ukraina, Zjednoczone Emiraty Arabskie, Wielka Brytania, Uzbekistan, Wietnam, Wyspy Kanaryjskie, Wyspy Alandzkie, Cypr P\u00f3\u0142nocny, Brazylia, Chile, Gibraltar, Guam, Japonia, Jordania, Meksyk, Czarnog\u00f3ra, Maroko, Oman, Serbia, Tanzania, Uganda, Stany Zjednoczone, Hawaje<\/td>\n<\/tr>\n<\/tbody>\n<\/table>\n<p>&nbsp;<\/p>\n<p>Czy potrzebujesz pomocy w procesie instalacji? Post\u0119puj zgodnie z instrukcjami: <a href=\"https:\/\/fonia.travel\/pl\/instalacja\/\">tutaj<\/a>.<\/p>\n<p>&nbsp;<\/p>\n<p>Pami\u0119taj, aby sprawdzi\u0107, czy Twoje urz\u0105dzenie obs\u0142uguje karty eSIM <a href=\"https:\/\/fonia.travel\/pl\/urzadzenia\/\">tutaj<\/a>.<\/p>\n","protected":false},"excerpt":{"rendered":"<p>Pakiet Internetu w us\u0142udze eSIM w Fonii.Travel to idealne rozwi\u0105zanie dla os\u00f3b potrzebuj\u0105cych niezawodnego dost\u0119pu do sieci podczas podr\u00f3\u017cy lub codziennego u\u017cytkowania. Ten pakiet zapewnia 20 GB danych na 60&hellip;<\/p>\n","protected":false},"featured_media":1,"template":"","meta":{"_acf_changed":false},"product_brand":[],"product_cat":[914],"product_tag":[1189],"class_list":{"0":"post-50192","1":"product","2":"type-product","3":"status-publish","4":"has-post-thumbnail","6":"product_cat-swiat","7":"product_tag-pakiet-standard-do-75-krajow","9":"first","10":"instock","11":"sold-individually","12":"taxable","13":"shipping-taxable","14":"purchasable","15":"product-type-simple"},"acf":[],"_links":{"self":[{"href":"https:\/\/fonia.travel\/pl\/wp-json\/wp\/v2\/product\/50192","targetHints":{"allow":["GET"]}}],"collection":[{"href":"https:\/\/fonia.travel\/pl\/wp-json\/wp\/v2\/product"}],"about":[{"href":"https:\/\/fonia.travel\/pl\/wp-json\/wp\/v2\/types\/product"}],"wp:featuredmedia":[{"embeddable":true,"href":"https:\/\/fonia.travel\/pl\/wp-json\/"}],"wp:attachment":[{"href":"https:\/\/fonia.travel\/pl\/wp-json\/wp\/v2\/media?parent=50192"}],"wp:term":[{"taxonomy":"product_brand","embeddable":true,"href":"https:\/\/fonia.travel\/pl\/wp-json\/wp\/v2\/product_brand?post=50192"},{"taxonomy":"product_cat","embeddable":true,"href":"https:\/\/fonia.travel\/pl\/wp-json\/wp\/v2\/product_cat?post=50192"},{"taxonomy":"product_tag","embeddable":true,"href":"https:\/\/fonia.travel\/pl\/wp-json\/wp\/v2\/product_tag?post=50192"}],"curies":[{"name":"wp","href":"https:\/\/api.w.org\/{rel}","templated":true}]}}